{"id":11278,"date":"2023-03-27T09:42:18","date_gmt":"2023-03-27T09:42:18","guid":{"rendered":"https:\/\/www.iccercemaggioresepino.edu.it\/site\/?page_id=11278"},"modified":"2026-02-25T09:04:19","modified_gmt":"2026-02-25T09:04:19","slug":"piano-nazionale-di-ripresa-e-resilienza","status":"publish","type":"page","link":"https:\/\/www.iccercemaggioresepino.edu.it\/site\/piano-nazionale-di-ripresa-e-resilienza\/","title":{"rendered":"Piano nazionale di ripresa e resilienza"},"content":{"rendered":"\t\t<div data-elementor-type=\"wp-page\" data-elementor-id=\"11278\" class=\"elementor elementor-11278\" data-elementor-post-type=\"page\">\n\t\t\t\t\t\t<section class=\"has_eae_slider elementor-section elementor-top-section elementor-element elementor-element-ef03bdd elementor-section-full_width elementor-section-height-default elementor-section-height-default\" data-eae-slider=\"71754\" data-id=\"ef03bdd\" data-element_type=\"section\" data-e-type=\"section\">\n\t\t\t\t\t\t<div class=\"elementor-container elementor-column-gap-default\">\n\t\t\t\t\t<div class=\"has_eae_slider elementor-column elementor-col-100 elementor-top-column elementor-element elementor-element-edfd336\" data-eae-slider=\"68150\" data-id=\"edfd336\" data-element_type=\"column\" data-e-type=\"column\">\n\t\t\t<div class=\"elementor-widget-wrap elementor-element-populated\">\n\t\t\t\t\t\t<div class=\"elementor-element elementor-element-325c517 elementor-widget elementor-widget-image\" data-id=\"325c517\" data-element_type=\"widget\" data-e-type=\"widget\" data-widget_type=\"image.default\">\n\t\t\t\t<div class=\"elementor-widget-container\">\n\t\t\t\t\t\t\t\t\t\t\t\t\t\t\t<img fetchpriority=\"high\" decoding=\"async\" width=\"1240\" height=\"496\" src=\"https:\/\/www.iccercemaggioresepino.edu.it\/site\/wp-content\/uploads\/2026\/02\/pnrr_.png\" class=\"attachment-full size-full wp-image-16138\" alt=\"\" srcset=\"https:\/\/www.iccercemaggioresepino.edu.it\/site\/wp-content\/uploads\/2026\/02\/pnrr_.png 1240w, https:\/\/www.iccercemaggioresepino.edu.it\/site\/wp-content\/uploads\/2026\/02\/pnrr_-300x120.png 300w, https:\/\/www.iccercemaggioresepino.edu.it\/site\/wp-content\/uploads\/2026\/02\/pnrr_-1024x410.png 1024w, https:\/\/www.iccercemaggioresepino.edu.it\/site\/wp-content\/uploads\/2026\/02\/pnrr_-768x307.png 768w\" sizes=\"(max-width: 1240px) 100vw, 1240px\" \/>\t\t\t\t\t\t\t\t\t\t\t\t\t\t\t<\/div>\n\t\t\t\t<\/div>\n\t\t\t\t<div class=\"elementor-element elementor-element-8372e71 elementor-widget elementor-widget-spacer\" data-id=\"8372e71\" data-element_type=\"widget\" data-e-type=\"widget\" data-widget_type=\"spacer.default\">\n\t\t\t\t<div class=\"elementor-widget-container\">\n\t\t\t\t\t\t\t<div class=\"elementor-spacer\">\n\t\t\t<div class=\"elementor-spacer-inner\"><\/div>\n\t\t<\/div>\n\t\t\t\t\t\t<\/div>\n\t\t\t\t<\/div>\n\t\t\t\t\t<\/div>\n\t\t<\/div>\n\t\t\t\t\t<\/div>\n\t\t<\/section>\n\t\t\t\t<section class=\"has_eae_slider elementor-section elementor-top-section elementor-element elementor-element-470ecb9 elementor-section-full_width elementor-section-stretched elementor-section-height-default elementor-section-height-default\" data-eae-slider=\"90504\" data-id=\"470ecb9\" data-element_type=\"section\" data-e-type=\"section\" data-settings=\"{&quot;stretch_section&quot;:&quot;section-stretched&quot;}\">\n\t\t\t\t\t\t<div class=\"elementor-container elementor-column-gap-default\">\n\t\t\t\t\t<div class=\"has_eae_slider elementor-column elementor-col-25 elementor-top-column elementor-element elementor-element-1dff449\" data-eae-slider=\"77398\" data-id=\"1dff449\" data-element_type=\"column\" data-e-type=\"column\">\n\t\t\t<div class=\"elementor-widget-wrap elementor-element-populated\">\n\t\t\t\t\t\t<div class=\"elementor-element elementor-element-90cf06a elementor-widget elementor-widget-heading\" data-id=\"90cf06a\" data-element_type=\"widget\" data-e-type=\"widget\" data-widget_type=\"heading.default\">\n\t\t\t\t<div class=\"elementor-widget-container\">\n\t\t\t\t\t<h2 class=\"elementor-heading-title elementor-size-default\"><a href=\"https:\/\/www.iccercemaggioresepino.edu.it\/site\/programma-operativo-nazionale\/\">Progetti PNRR<\/a><\/h2>\t\t\t\t<\/div>\n\t\t\t\t<\/div>\n\t\t\t\t<div class=\"elementor-element elementor-element-30fc4b5 elementor-widget elementor-widget-heading\" data-id=\"30fc4b5\" data-element_type=\"widget\" data-e-type=\"widget\" data-widget_type=\"heading.default\">\n\t\t\t\t<div class=\"elementor-widget-container\">\n\t\t\t\t\t<h6 class=\"elementor-heading-title elementor-size-default\"><a href=\"https:\/\/www.iccercemaggioresepino.edu.it\/site\/pnrr-abilitazione-al-cloud-per-le-pa-locali-scuole\/\">Abilitazione al cloud per le PA locali - scuole<\/a><\/h6>\t\t\t\t<\/div>\n\t\t\t\t<\/div>\n\t\t\t\t<div class=\"elementor-element elementor-element-d7807b6 elementor-widget elementor-widget-heading\" data-id=\"d7807b6\" data-element_type=\"widget\" data-e-type=\"widget\" data-widget_type=\"heading.default\">\n\t\t\t\t<div class=\"elementor-widget-container\">\n\t\t\t\t\t<h6 class=\"elementor-heading-title elementor-size-default\"><a href=\"https:\/\/www.iccercemaggioresepino.edu.it\/site\/pnrr-esperienza-del-cittadino-nei-servizi-pubblici-scuole\/\">Esperienza del cittadino nei servizi pubblici - scuole<\/a><\/h6>\t\t\t\t<\/div>\n\t\t\t\t<\/div>\n\t\t\t\t<div class=\"elementor-element elementor-element-2305ef7 elementor-widget elementor-widget-heading\" data-id=\"2305ef7\" data-element_type=\"widget\" data-e-type=\"widget\" data-widget_type=\"heading.default\">\n\t\t\t\t<div class=\"elementor-widget-container\">\n\t\t\t\t\t<h6 class=\"elementor-heading-title elementor-size-default\"><a href=\"https:\/\/www.iccercemaggioresepino.edu.it\/site\/d-m-170-2023-azioni-di-prevenzione-e-contrasto-alla-dispersione-scolastica\/\">D.M. 170\/2023 - Azioni di prevenzione e contrasto alla dispersione scolastica<\/a><\/h6>\t\t\t\t<\/div>\n\t\t\t\t<\/div>\n\t\t\t\t<div class=\"elementor-element elementor-element-503a76f elementor-widget elementor-widget-heading\" data-id=\"503a76f\" data-element_type=\"widget\" data-e-type=\"widget\" data-widget_type=\"heading.default\">\n\t\t\t\t<div class=\"elementor-widget-container\">\n\t\t\t\t\t<h6 class=\"elementor-heading-title elementor-size-default\"><a href=\"https:\/\/www.iccercemaggioresepino.edu.it\/site\/pnrr-scuola-4-0-next-generation-classroom\/\">Scuola 4.0 - next generation classroom<\/a><\/h6>\t\t\t\t<\/div>\n\t\t\t\t<\/div>\n\t\t\t\t<div class=\"elementor-element elementor-element-8f1792d elementor-widget elementor-widget-heading\" data-id=\"8f1792d\" data-element_type=\"widget\" data-e-type=\"widget\" data-widget_type=\"heading.default\">\n\t\t\t\t<div class=\"elementor-widget-container\">\n\t\t\t\t\t<h6 class=\"elementor-heading-title elementor-size-default\"><a href=\"https:\/\/www.iccercemaggioresepino.edu.it\/site\/piano-nazionale-di-ripresa-e-resilienza\/pnrr-formazione-alla-transizione-digitale-per-il-personale-scolastico\/\">Animatori Digitali - Formazione alla transizione digitale per il personale scolastico<\/a><\/h6>\t\t\t\t<\/div>\n\t\t\t\t<\/div>\n\t\t\t\t<div class=\"elementor-element elementor-element-0a9cae8 elementor-widget elementor-widget-heading\" data-id=\"0a9cae8\" data-element_type=\"widget\" data-e-type=\"widget\" data-widget_type=\"heading.default\">\n\t\t\t\t<div class=\"elementor-widget-container\">\n\t\t\t\t\t<h6 class=\"elementor-heading-title elementor-size-default\"><a href=\"https:\/\/www.iccercemaggioresepino.edu.it\/site\/piano-nazionale-di-ripresa-e-resilienza\/prepariamocialfuturo-nuove-competenze-e-nuovi-linguaggi\/\">#Prepariamocialfuturo ( nuove competenze e nuovi linguaggi)<\/a><\/h6>\t\t\t\t<\/div>\n\t\t\t\t<\/div>\n\t\t\t\t<div class=\"elementor-element elementor-element-e39bd79 elementor-widget elementor-widget-heading\" data-id=\"e39bd79\" data-element_type=\"widget\" data-e-type=\"widget\" data-widget_type=\"heading.default\">\n\t\t\t\t<div class=\"elementor-widget-container\">\n\t\t\t\t\t<h6 class=\"elementor-heading-title elementor-size-default\"><a href=\"https:\/\/www.iccercemaggioresepino.edu.it\/site\/piano-nazionale-di-ripresa-e-resilienza\/d-m-66-formazione-alla-transizione-digitale-del-personale-scolastico\/\">D.M. 66 \u2013 Formazione alla transizione digitale del personale scolastico<\/a><\/h6>\t\t\t\t<\/div>\n\t\t\t\t<\/div>\n\t\t\t\t<div class=\"elementor-element elementor-element-928da53 elementor-widget elementor-widget-heading\" data-id=\"928da53\" data-element_type=\"widget\" data-e-type=\"widget\" data-widget_type=\"heading.default\">\n\t\t\t\t<div class=\"elementor-widget-container\">\n\t\t\t\t\t<h6 class=\"elementor-heading-title elementor-size-default\"><a href=\"https:\/\/www.iccercemaggioresepino.edu.it\/site\/piano-nazionale-di-ripresa-e-resilienza\/d-m-19-2024-azioni-di-prevenzione-e-contrasto-alla-dispersione-scolastica\/\">D.M. 19\/2024 - Azioni di prevenzione e contrasto alla dispersione scolastica<\/a><\/h6>\t\t\t\t<\/div>\n\t\t\t\t<\/div>\n\t\t\t\t<div class=\"elementor-element elementor-element-273d7d4 elementor-widget elementor-widget-heading\" data-id=\"273d7d4\" data-element_type=\"widget\" data-e-type=\"widget\" data-widget_type=\"heading.default\">\n\t\t\t\t<div class=\"elementor-widget-container\">\n\t\t\t\t\t<h6 class=\"elementor-heading-title elementor-size-default\"><a href=\"https:\/\/www.iccercemaggioresepino.edu.it\/site\/piano-nazionale-di-ripresa-e-resilienza\/erasmus-job-shadowing\/\">ERASMUS - JOB SHADOWING<\/a><\/h6>\t\t\t\t<\/div>\n\t\t\t\t<\/div>\n\t\t\t\t<div class=\"elementor-element elementor-element-729d095 elementor-widget elementor-widget-heading\" data-id=\"729d095\" data-element_type=\"widget\" data-e-type=\"widget\" data-widget_type=\"heading.default\">\n\t\t\t\t<div class=\"elementor-widget-container\">\n\t\t\t\t\t<h6 class=\"elementor-heading-title elementor-size-default\"><a href=\"https:\/\/www.iccercemaggioresepino.edu.it\/site\/piano-nazionale-di-ripresa-e-resilienza\/dm-106-2025-agenda-sud-fase-2-azioni-integrate-per-la-realizzazione-di-ambienti-didattici-accoglienti-e-lorganizzazione-di-attivita-didattiche-e-di-tutoraggio-funzionali-a-contrastare-labbandon\/\">DM 106\/2025 - Agenda sud fase 2<\/a><\/h6>\t\t\t\t<\/div>\n\t\t\t\t<\/div>\n\t\t\t\t\t<\/div>\n\t\t<\/div>\n\t\t\t\t<div class=\"has_eae_slider elementor-column elementor-col-50 elementor-top-column elementor-element elementor-element-d5451d9\" data-eae-slider=\"83353\" data-id=\"d5451d9\" data-element_type=\"column\" data-e-type=\"column\">\n\t\t\t<div class=\"elementor-widget-wrap elementor-element-populated\">\n\t\t\t\t\t\t<div class=\"elementor-element elementor-element-4d8755e elementor-widget elementor-widget-heading\" data-id=\"4d8755e\" data-element_type=\"widget\" data-e-type=\"widget\" data-widget_type=\"heading.default\">\n\t\t\t\t<div class=\"elementor-widget-container\">\n\t\t\t\t\t<h2 class=\"elementor-heading-title elementor-size-default\">Presentazione<\/h2>\t\t\t\t<\/div>\n\t\t\t\t<\/div>\n\t\t\t\t<div class=\"elementor-element elementor-element-6272628 elementor-widget elementor-widget-text-editor\" data-id=\"6272628\" data-element_type=\"widget\" data-e-type=\"widget\" data-widget_type=\"text-editor.default\">\n\t\t\t\t<div class=\"elementor-widget-container\">\n\t\t\t\t\t\t\t\t\t<p>Un nuovo Paese \u00e8 pronto a partire con Italia Domani, il Piano Nazionale di Ripresa e Resilienza.<\/p><p>Italia Domani lascer\u00e0 una preziosa eredit\u00e0 alle generazioni future, dando vita a una crescita economica pi\u00f9 robusta, sostenibile e inclusiva.<\/p><p>Con Italia Domani il Paese avr\u00e0 una pubblica amministrazione pi\u00f9 efficiente e digitalizzata. I cittadini italiani beneficeranno di trasporti pi\u00f9 moderni, sostenibili e diffusi. Gli investimenti e le riforme di Italia Domani renderanno il Paese pi\u00f9 coeso territorialmente, con un mercato del lavoro pi\u00f9 dinamico e senza discriminazioni di genere e generazionali. La sanit\u00e0 pubblica sar\u00e0 pi\u00f9 moderna e vicina alle persone.<\/p><p>Italia Domani fa parte di Next Generation EU, un progetto di rilancio economico dedicato agli stati membri.<\/p><p>L\u2019Italia integra il PNRR con il Piano nazionale per gli investimenti complementari, con risorse aggiuntive pari a 30,6 miliardi.<\/p>\t\t\t\t\t\t\t\t<\/div>\n\t\t\t\t<\/div>\n\t\t\t\t<div class=\"elementor-element elementor-element-7be284c elementor-widget elementor-widget-image\" data-id=\"7be284c\" data-element_type=\"widget\" data-e-type=\"widget\" data-widget_type=\"image.default\">\n\t\t\t\t<div class=\"elementor-widget-container\">\n\t\t\t\t\t\t\t\t\t\t\t\t\t\t\t\t<a href=\"https:\/\/www.iccercemaggioresepino.edu.it\/site\/wp-content\/uploads\/2023\/03\/TabellaPNRR-1024x577-1.webp\" data-elementor-open-lightbox=\"yes\" data-elementor-lightbox-title=\"TabellaPNRR-1024x577\" data-e-action-hash=\"#elementor-action%3Aaction%3Dlightbox%26settings%3DeyJpZCI6MTEyODcsInVybCI6Imh0dHBzOlwvXC93d3cuaWNjZXJjZW1hZ2dpb3Jlc2VwaW5vLmVkdS5pdFwvc2l0ZVwvd3AtY29udGVudFwvdXBsb2Fkc1wvMjAyM1wvMDNcL1RhYmVsbGFQTlJSLTEwMjR4NTc3LTEud2VicCJ9\">\n\t\t\t\t\t\t\t<img decoding=\"async\" width=\"800\" height=\"451\" src=\"https:\/\/www.iccercemaggioresepino.edu.it\/site\/wp-content\/uploads\/2023\/03\/TabellaPNRR-1024x577-1.webp\" class=\"attachment-large size-large wp-image-11287\" alt=\"\" srcset=\"https:\/\/www.iccercemaggioresepino.edu.it\/site\/wp-content\/uploads\/2023\/03\/TabellaPNRR-1024x577-1.webp 1024w, https:\/\/www.iccercemaggioresepino.edu.it\/site\/wp-content\/uploads\/2023\/03\/TabellaPNRR-1024x577-1-300x169.webp 300w, https:\/\/www.iccercemaggioresepino.edu.it\/site\/wp-content\/uploads\/2023\/03\/TabellaPNRR-1024x577-1-768x433.webp 768w\" sizes=\"(max-width: 800px) 100vw, 800px\" \/>\t\t\t\t\t\t\t\t<\/a>\n\t\t\t\t\t\t\t\t\t\t\t\t\t\t\t<\/div>\n\t\t\t\t<\/div>\n\t\t\t\t<div class=\"elementor-element elementor-element-111e148 elementor-widget elementor-widget-spacer\" data-id=\"111e148\" data-element_type=\"widget\" data-e-type=\"widget\" data-widget_type=\"spacer.default\">\n\t\t\t\t<div class=\"elementor-widget-container\">\n\t\t\t\t\t\t\t<div class=\"elementor-spacer\">\n\t\t\t<div class=\"elementor-spacer-inner\"><\/div>\n\t\t<\/div>\n\t\t\t\t\t\t<\/div>\n\t\t\t\t<\/div>\n\t\t\t\t\t<\/div>\n\t\t<\/div>\n\t\t\t\t<div class=\"has_eae_slider elementor-column elementor-col-25 elementor-top-column elementor-element elementor-element-2c4f272\" data-eae-slider=\"84003\" data-id=\"2c4f272\" data-element_type=\"column\" data-e-type=\"column\">\n\t\t\t<div class=\"elementor-widget-wrap\">\n\t\t\t\t\t\t\t<\/div>\n\t\t<\/div>\n\t\t\t\t\t<\/div>\n\t\t<\/section>\n\t\t\t\t<\/div>\n\t\t","protected":false},"excerpt":{"rendered":"<p>Progetti PNRR Abilitazione al cloud per le PA locali &#8211; scuole Esperienza del cittadino nei servizi pubblici &#8211; scuole D.M. 170\/2023 &#8211; Azioni di prevenzione e contrasto alla dispersione scolastica Scuola 4.0 &#8211; next generation classroom Animatori Digitali &#8211; Formazione alla transizione digitale per il personale scolastico #Prepariamocialfuturo ( nuove competenze e nuovi linguaggi) D.M. [&hellip;]<\/p>\n","protected":false},"author":1,"featured_media":0,"parent":0,"menu_order":0,"comment_status":"closed","ping_status":"closed","template":"","meta":{"footnotes":""},"class_list":["post-11278","page","type-page","status-publish","hentry"],"yoast_head":"<!-- This site is optimized with the Yoast SEO plugin v27.5 - https:\/\/yoast.com\/product\/yoast-seo-wordpress\/ -->\n<title>Piano nazionale di ripresa e resilienza - IC Cercemaggiore - Sepino<\/title>\n<meta name=\"robots\" content=\"index, follow, max-snippet:-1, max-image-preview:large, max-video-preview:-1\" \/>\n<link rel=\"canonical\" href=\"https:\/\/www.iccercemaggioresepino.edu.it\/site\/piano-nazionale-di-ripresa-e-resilienza\/\" \/>\n<meta property=\"og:locale\" content=\"it_IT\" \/>\n<meta property=\"og:type\" content=\"article\" \/>\n<meta property=\"og:title\" content=\"Piano nazionale di ripresa e resilienza - IC Cercemaggiore - Sepino\" \/>\n<meta property=\"og:description\" content=\"Progetti PNRR Abilitazione al cloud per le PA locali &#8211; scuole Esperienza del cittadino nei servizi pubblici &#8211; scuole D.M. 170\/2023 &#8211; Azioni di prevenzione e contrasto alla dispersione scolastica Scuola 4.0 &#8211; next generation classroom Animatori Digitali &#8211; Formazione alla transizione digitale per il personale scolastico #Prepariamocialfuturo ( nuove competenze e nuovi linguaggi) D.M. [&hellip;]\" \/>\n<meta property=\"og:url\" content=\"https:\/\/www.iccercemaggioresepino.edu.it\/site\/piano-nazionale-di-ripresa-e-resilienza\/\" \/>\n<meta property=\"og:site_name\" content=\"IC Cercemaggiore - Sepino\" \/>\n<meta property=\"article:modified_time\" content=\"2026-02-25T09:04:19+00:00\" \/>\n<meta property=\"og:image\" content=\"https:\/\/www.iccercemaggioresepino.edu.it\/site\/wp-content\/uploads\/2026\/02\/pnrr_.png\" \/>\n\t<meta property=\"og:image:width\" content=\"1240\" \/>\n\t<meta property=\"og:image:height\" content=\"496\" \/>\n\t<meta property=\"og:image:type\" content=\"image\/png\" \/>\n<meta name=\"twitter:card\" content=\"summary_large_image\" \/>\n<meta name=\"twitter:label1\" content=\"Tempo di lettura stimato\" \/>\n\t<meta name=\"twitter:data1\" content=\"2 minuti\" \/>\n<script type=\"application\/ld+json\" class=\"yoast-schema-graph\">{\"@context\":\"https:\\\/\\\/schema.org\",\"@graph\":[{\"@type\":\"WebPage\",\"@id\":\"https:\\\/\\\/www.iccercemaggioresepino.edu.it\\\/site\\\/piano-nazionale-di-ripresa-e-resilienza\\\/\",\"url\":\"https:\\\/\\\/www.iccercemaggioresepino.edu.it\\\/site\\\/piano-nazionale-di-ripresa-e-resilienza\\\/\",\"name\":\"Piano nazionale di ripresa e resilienza - IC Cercemaggiore - Sepino\",\"isPartOf\":{\"@id\":\"https:\\\/\\\/www.iccercemaggioresepino.edu.it\\\/site\\\/#website\"},\"primaryImageOfPage\":{\"@id\":\"https:\\\/\\\/www.iccercemaggioresepino.edu.it\\\/site\\\/piano-nazionale-di-ripresa-e-resilienza\\\/#primaryimage\"},\"image\":{\"@id\":\"https:\\\/\\\/www.iccercemaggioresepino.edu.it\\\/site\\\/piano-nazionale-di-ripresa-e-resilienza\\\/#primaryimage\"},\"thumbnailUrl\":\"https:\\\/\\\/www.iccercemaggioresepino.edu.it\\\/site\\\/wp-content\\\/uploads\\\/2026\\\/02\\\/pnrr_.png\",\"datePublished\":\"2023-03-27T09:42:18+00:00\",\"dateModified\":\"2026-02-25T09:04:19+00:00\",\"breadcrumb\":{\"@id\":\"https:\\\/\\\/www.iccercemaggioresepino.edu.it\\\/site\\\/piano-nazionale-di-ripresa-e-resilienza\\\/#breadcrumb\"},\"inLanguage\":\"it-IT\",\"potentialAction\":[{\"@type\":\"ReadAction\",\"target\":[\"https:\\\/\\\/www.iccercemaggioresepino.edu.it\\\/site\\\/piano-nazionale-di-ripresa-e-resilienza\\\/\"]}]},{\"@type\":\"ImageObject\",\"inLanguage\":\"it-IT\",\"@id\":\"https:\\\/\\\/www.iccercemaggioresepino.edu.it\\\/site\\\/piano-nazionale-di-ripresa-e-resilienza\\\/#primaryimage\",\"url\":\"https:\\\/\\\/www.iccercemaggioresepino.edu.it\\\/site\\\/wp-content\\\/uploads\\\/2026\\\/02\\\/pnrr_.png\",\"contentUrl\":\"https:\\\/\\\/www.iccercemaggioresepino.edu.it\\\/site\\\/wp-content\\\/uploads\\\/2026\\\/02\\\/pnrr_.png\",\"width\":1240,\"height\":496},{\"@type\":\"BreadcrumbList\",\"@id\":\"https:\\\/\\\/www.iccercemaggioresepino.edu.it\\\/site\\\/piano-nazionale-di-ripresa-e-resilienza\\\/#breadcrumb\",\"itemListElement\":[{\"@type\":\"ListItem\",\"position\":1,\"name\":\"Home\",\"item\":\"https:\\\/\\\/www.iccercemaggioresepino.edu.it\\\/site\\\/\"},{\"@type\":\"ListItem\",\"position\":2,\"name\":\"Piano nazionale di ripresa e resilienza\"}]},{\"@type\":\"WebSite\",\"@id\":\"https:\\\/\\\/www.iccercemaggioresepino.edu.it\\\/site\\\/#website\",\"url\":\"https:\\\/\\\/www.iccercemaggioresepino.edu.it\\\/site\\\/\",\"name\":\"IC Cercemaggiore - Sepino\",\"description\":\"Sito Istituzionale Cercemaggiore-Sepino\",\"potentialAction\":[{\"@type\":\"SearchAction\",\"target\":{\"@type\":\"EntryPoint\",\"urlTemplate\":\"https:\\\/\\\/www.iccercemaggioresepino.edu.it\\\/site\\\/?s={search_term_string}\"},\"query-input\":{\"@type\":\"PropertyValueSpecification\",\"valueRequired\":true,\"valueName\":\"search_term_string\"}}],\"inLanguage\":\"it-IT\"}]}<\/script>\n<!-- \/ Yoast SEO plugin. -->","yoast_head_json":{"title":"Piano nazionale di ripresa e resilienza - IC Cercemaggiore - Sepino","robots":{"index":"index","follow":"follow","max-snippet":"max-snippet:-1","max-image-preview":"max-image-preview:large","max-video-preview":"max-video-preview:-1"},"canonical":"https:\/\/www.iccercemaggioresepino.edu.it\/site\/piano-nazionale-di-ripresa-e-resilienza\/","og_locale":"it_IT","og_type":"article","og_title":"Piano nazionale di ripresa e resilienza - IC Cercemaggiore - Sepino","og_description":"Progetti PNRR Abilitazione al cloud per le PA locali &#8211; scuole Esperienza del cittadino nei servizi pubblici &#8211; scuole D.M. 170\/2023 &#8211; Azioni di prevenzione e contrasto alla dispersione scolastica Scuola 4.0 &#8211; next generation classroom Animatori Digitali &#8211; Formazione alla transizione digitale per il personale scolastico #Prepariamocialfuturo ( nuove competenze e nuovi linguaggi) D.M. [&hellip;]","og_url":"https:\/\/www.iccercemaggioresepino.edu.it\/site\/piano-nazionale-di-ripresa-e-resilienza\/","og_site_name":"IC Cercemaggiore - Sepino","article_modified_time":"2026-02-25T09:04:19+00:00","og_image":[{"width":1240,"height":496,"url":"https:\/\/www.iccercemaggioresepino.edu.it\/site\/wp-content\/uploads\/2026\/02\/pnrr_.png","type":"image\/png"}],"twitter_card":"summary_large_image","twitter_misc":{"Tempo di lettura stimato":"2 minuti"},"schema":{"@context":"https:\/\/schema.org","@graph":[{"@type":"WebPage","@id":"https:\/\/www.iccercemaggioresepino.edu.it\/site\/piano-nazionale-di-ripresa-e-resilienza\/","url":"https:\/\/www.iccercemaggioresepino.edu.it\/site\/piano-nazionale-di-ripresa-e-resilienza\/","name":"Piano nazionale di ripresa e resilienza - IC Cercemaggiore - Sepino","isPartOf":{"@id":"https:\/\/www.iccercemaggioresepino.edu.it\/site\/#website"},"primaryImageOfPage":{"@id":"https:\/\/www.iccercemaggioresepino.edu.it\/site\/piano-nazionale-di-ripresa-e-resilienza\/#primaryimage"},"image":{"@id":"https:\/\/www.iccercemaggioresepino.edu.it\/site\/piano-nazionale-di-ripresa-e-resilienza\/#primaryimage"},"thumbnailUrl":"https:\/\/www.iccercemaggioresepino.edu.it\/site\/wp-content\/uploads\/2026\/02\/pnrr_.png","datePublished":"2023-03-27T09:42:18+00:00","dateModified":"2026-02-25T09:04:19+00:00","breadcrumb":{"@id":"https:\/\/www.iccercemaggioresepino.edu.it\/site\/piano-nazionale-di-ripresa-e-resilienza\/#breadcrumb"},"inLanguage":"it-IT","potentialAction":[{"@type":"ReadAction","target":["https:\/\/www.iccercemaggioresepino.edu.it\/site\/piano-nazionale-di-ripresa-e-resilienza\/"]}]},{"@type":"ImageObject","inLanguage":"it-IT","@id":"https:\/\/www.iccercemaggioresepino.edu.it\/site\/piano-nazionale-di-ripresa-e-resilienza\/#primaryimage","url":"https:\/\/www.iccercemaggioresepino.edu.it\/site\/wp-content\/uploads\/2026\/02\/pnrr_.png","contentUrl":"https:\/\/www.iccercemaggioresepino.edu.it\/site\/wp-content\/uploads\/2026\/02\/pnrr_.png","width":1240,"height":496},{"@type":"BreadcrumbList","@id":"https:\/\/www.iccercemaggioresepino.edu.it\/site\/piano-nazionale-di-ripresa-e-resilienza\/#breadcrumb","itemListElement":[{"@type":"ListItem","position":1,"name":"Home","item":"https:\/\/www.iccercemaggioresepino.edu.it\/site\/"},{"@type":"ListItem","position":2,"name":"Piano nazionale di ripresa e resilienza"}]},{"@type":"WebSite","@id":"https:\/\/www.iccercemaggioresepino.edu.it\/site\/#website","url":"https:\/\/www.iccercemaggioresepino.edu.it\/site\/","name":"IC Cercemaggiore - Sepino","description":"Sito Istituzionale Cercemaggiore-Sepino","potentialAction":[{"@type":"SearchAction","target":{"@type":"EntryPoint","urlTemplate":"https:\/\/www.iccercemaggioresepino.edu.it\/site\/?s={search_term_string}"},"query-input":{"@type":"PropertyValueSpecification","valueRequired":true,"valueName":"search_term_string"}}],"inLanguage":"it-IT"}]}},"_links":{"self":[{"href":"https:\/\/www.iccercemaggioresepino.edu.it\/site\/wp-json\/wp\/v2\/pages\/11278","targetHints":{"allow":["GET"]}}],"collection":[{"href":"https:\/\/www.iccercemaggioresepino.edu.it\/site\/wp-json\/wp\/v2\/pages"}],"about":[{"href":"https:\/\/www.iccercemaggioresepino.edu.it\/site\/wp-json\/wp\/v2\/types\/page"}],"author":[{"embeddable":true,"href":"https:\/\/www.iccercemaggioresepino.edu.it\/site\/wp-json\/wp\/v2\/users\/1"}],"replies":[{"embeddable":true,"href":"https:\/\/www.iccercemaggioresepino.edu.it\/site\/wp-json\/wp\/v2\/comments?post=11278"}],"version-history":[{"count":15,"href":"https:\/\/www.iccercemaggioresepino.edu.it\/site\/wp-json\/wp\/v2\/pages\/11278\/revisions"}],"predecessor-version":[{"id":16144,"href":"https:\/\/www.iccercemaggioresepino.edu.it\/site\/wp-json\/wp\/v2\/pages\/11278\/revisions\/16144"}],"wp:attachment":[{"href":"https:\/\/www.iccercemaggioresepino.edu.it\/site\/wp-json\/wp\/v2\/media?parent=11278"}],"curies":[{"name":"wp","href":"https:\/\/api.w.org\/{rel}","templated":true}]}}