{"id":758,"date":"2023-02-03T15:08:25","date_gmt":"2023-02-03T15:08:25","guid":{"rendered":"https:\/\/www.iccercemaggioresepino.edu.it\/site\/?page_id=758"},"modified":"2025-11-07T12:05:01","modified_gmt":"2025-11-07T12:05:01","slug":"didattica","status":"publish","type":"page","link":"https:\/\/www.iccercemaggioresepino.edu.it\/site\/didattica\/","title":{"rendered":"Didattica"},"content":{"rendered":"\t\t<div data-elementor-type=\"wp-page\" data-elementor-id=\"758\" class=\"elementor elementor-758\" data-elementor-post-type=\"page\">\n\t\t\t\t\t\t<section class=\"has_eae_slider elementor-section elementor-top-section elementor-element elementor-element-987a41d elementor-section-boxed elementor-section-height-default elementor-section-height-default\" data-eae-slider=\"18176\" data-id=\"987a41d\" data-element_type=\"section\" data-e-type=\"section\">\n\t\t\t\t\t\t<div class=\"elementor-container elementor-column-gap-default\">\n\t\t\t\t\t<div class=\"has_eae_slider elementor-column elementor-col-100 elementor-top-column elementor-element elementor-element-c1431c5\" data-eae-slider=\"6384\" data-id=\"c1431c5\" data-element_type=\"column\" data-e-type=\"column\">\n\t\t\t<div class=\"elementor-widget-wrap elementor-element-populated\">\n\t\t\t\t\t\t<div class=\"elementor-element elementor-element-818d0da elementor-widget elementor-widget-heading\" data-id=\"818d0da\" data-element_type=\"widget\" data-e-type=\"widget\" data-widget_type=\"heading.default\">\n\t\t\t\t<div class=\"elementor-widget-container\">\n\t\t\t\t\t<h2 class=\"elementor-heading-title elementor-size-default\">Percorsi di studio<\/h2>\t\t\t\t<\/div>\n\t\t\t\t<\/div>\n\t\t\t\t<div class=\"elementor-element elementor-element-5ef07c5 elementor-widget elementor-widget-eael-adv-tabs\" data-id=\"5ef07c5\" data-element_type=\"widget\" data-e-type=\"widget\" data-widget_type=\"eael-adv-tabs.default\">\n\t\t\t\t<div class=\"elementor-widget-container\">\n\t\t\t\t\t        <div data-scroll-on-click=\"no\" data-scroll-speed=\"300\" id=\"eael-advance-tabs-5ef07c5\" class=\"eael-advance-tabs eael-tabs-horizontal eael-tab-auto-active \" data-tabid=\"5ef07c5\">\n            <div class=\"eael-tabs-nav \">\n                <ul class=\"eael-tab-top-icon\" role=\"tablist\">\n                                            <li id=\"scuola-dellinfanzia\" class=\"inactive eael-tab-item-trigger eael-tab-nav-item\" aria-selected=\"true\" data-tab=\"1\" role=\"tab\" tabindex=\"0\" aria-controls=\"scuola-dellinfanzia-tab\" aria-expanded=\"false\">\n                            \n                                                                <i class=\"fas fa-school\"><\/i>                                                            \n                            \n                                                            <span class=\"eael-tab-title title-after-icon\" >Scuola dell&#8217;infanzia<\/span>                                                    <\/li>\n                                            <li id=\"scuola-primaria\" class=\"inactive eael-tab-item-trigger eael-tab-nav-item\" aria-selected=\"false\" data-tab=\"2\" role=\"tab\" tabindex=\"-1\" aria-controls=\"scuola-primaria-tab\" aria-expanded=\"false\">\n                            \n                                                                <i class=\"fas fa-school\"><\/i>                                                            \n                            \n                                                            <span class=\"eael-tab-title title-after-icon\" >Scuola primaria<\/span>                                                    <\/li>\n                                            <li id=\"scuola-secondaria-di-i-grado\" class=\"inactive eael-tab-item-trigger eael-tab-nav-item\" aria-selected=\"false\" data-tab=\"3\" role=\"tab\" tabindex=\"-1\" aria-controls=\"scuola-secondaria-di-i-grado-tab\" aria-expanded=\"false\">\n                            \n                                                                <i class=\"fas fa-school\"><\/i>                                                            \n                            \n                                                            <span class=\"eael-tab-title title-after-icon\" >Scuola secondaria di I grado<\/span>                                                    <\/li>\n                    \n                                  <\/ul>\n            <\/div>\n            \n            <div class=\"eael-tabs-content\">\n\t\t        \n                    <div id=\"scuola-dellinfanzia-tab\" class=\"clearfix eael-tab-content-item inactive\" data-title-link=\"scuola-dellinfanzia-tab\">\n\t\t\t\t        <p>La scuola dell\u2019infanzia \u00e8 il primo gradino del percorso di istruzione, ha durata triennale e non \u00e8 obbligatoria.<\/p><p><a href=\"https:\/\/www.iccercemaggioresepino.edu.it\/site\/2023\/03\/13\/scuola-dellinfanzia\/\"><span style=\"color: #0066cc\"><strong>Per saperne di pi\u00f9<\/strong><\/span><\/a><\/p>                    <\/div>\n\t\t        \n                    <div id=\"scuola-primaria-tab\" class=\"clearfix eael-tab-content-item inactive\" data-title-link=\"scuola-primaria-tab\">\n\t\t\t\t        <p>La scuola primaria \u00e8 obbligatoria, dura cinque anni e fa parte, insieme con la scuola secondaria di I grado, del primo ciclo di istruzione.<\/p><p><a href=\"https:\/\/www.iccercemaggioresepino.edu.it\/site\/2023\/03\/13\/scuola-primaria\/\"><span style=\"color: #0066cc\"><strong>Per saperne di pi\u00f9<\/strong><\/span><\/a><\/p>                    <\/div>\n\t\t        \n                    <div id=\"scuola-secondaria-di-i-grado-tab\" class=\"clearfix eael-tab-content-item inactive\" data-title-link=\"scuola-secondaria-di-i-grado-tab\">\n\t\t\t\t        <p>La scuola secondaria di primo grado ha una durata di tre anni e conclude il primo ciclo di istruzione iniziato con la scuola primaria.<\/p><p><a href=\"https:\/\/www.iccercemaggioresepino.edu.it\/site\/2023\/03\/13\/scuola-secondaria-di-i-grado\/\"><span style=\"color: #0066cc\"><strong>Per saperne di pi\u00f9<\/strong><\/span><\/a><\/p>                    <\/div>\n\t\t                    <\/div>\n        <\/div>\n\t\t\t\t<\/div>\n\t\t\t\t<\/div>\n\t\t\t\t\t<\/div>\n\t\t<\/div>\n\t\t\t\t\t<\/div>\n\t\t<\/section>\n\t\t\t\t<\/div>\n\t\t","protected":false},"excerpt":{"rendered":"<p>Percorsi di studio Scuola dell&#8217;infanzia Scuola primaria Scuola secondaria di I grado La scuola dell\u2019infanzia \u00e8 il primo gradino del percorso di istruzione, ha durata triennale e non \u00e8 obbligatoria. Per saperne di pi\u00f9 La scuola primaria \u00e8 obbligatoria, dura cinque anni e fa parte, insieme con la scuola secondaria di I grado, del primo [&hellip;]<\/p>\n","protected":false},"author":1,"featured_media":0,"parent":0,"menu_order":0,"comment_status":"closed","ping_status":"closed","template":"","meta":{"footnotes":""},"class_list":["post-758","page","type-page","status-publish","hentry"],"yoast_head":"<!-- This site is optimized with the Yoast SEO plugin v27.2 - https:\/\/yoast.com\/product\/yoast-seo-wordpress\/ -->\n<title>Didattica - IC Cercemaggiore - Sepino<\/title>\n<meta name=\"robots\" content=\"index, follow, max-snippet:-1, max-image-preview:large, max-video-preview:-1\" \/>\n<link rel=\"canonical\" href=\"https:\/\/www.iccercemaggioresepino.edu.it\/site\/didattica\/\" \/>\n<meta property=\"og:locale\" content=\"it_IT\" \/>\n<meta property=\"og:type\" content=\"article\" \/>\n<meta property=\"og:title\" content=\"Didattica - IC Cercemaggiore - Sepino\" \/>\n<meta property=\"og:description\" content=\"Percorsi di studio Scuola dell&#8217;infanzia Scuola primaria Scuola secondaria di I grado La scuola dell\u2019infanzia \u00e8 il primo gradino del percorso di istruzione, ha durata triennale e non \u00e8 obbligatoria. Per saperne di pi\u00f9 La scuola primaria \u00e8 obbligatoria, dura cinque anni e fa parte, insieme con la scuola secondaria di I grado, del primo [&hellip;]\" \/>\n<meta property=\"og:url\" content=\"https:\/\/www.iccercemaggioresepino.edu.it\/site\/didattica\/\" \/>\n<meta property=\"og:site_name\" content=\"IC Cercemaggiore - Sepino\" \/>\n<meta property=\"article:modified_time\" content=\"2025-11-07T12:05:01+00:00\" \/>\n<meta name=\"twitter:card\" content=\"summary_large_image\" \/>\n<meta name=\"twitter:label1\" content=\"Tempo di lettura stimato\" \/>\n\t<meta name=\"twitter:data1\" content=\"1 minuto\" \/>\n<script type=\"application\/ld+json\" class=\"yoast-schema-graph\">{\"@context\":\"https:\/\/schema.org\",\"@graph\":[{\"@type\":\"WebPage\",\"@id\":\"https:\/\/www.iccercemaggioresepino.edu.it\/site\/didattica\/\",\"url\":\"https:\/\/www.iccercemaggioresepino.edu.it\/site\/didattica\/\",\"name\":\"Didattica - IC Cercemaggiore - Sepino\",\"isPartOf\":{\"@id\":\"https:\/\/www.iccercemaggioresepino.edu.it\/site\/#website\"},\"datePublished\":\"2023-02-03T15:08:25+00:00\",\"dateModified\":\"2025-11-07T12:05:01+00:00\",\"breadcrumb\":{\"@id\":\"https:\/\/www.iccercemaggioresepino.edu.it\/site\/didattica\/#breadcrumb\"},\"inLanguage\":\"it-IT\",\"potentialAction\":[{\"@type\":\"ReadAction\",\"target\":[\"https:\/\/www.iccercemaggioresepino.edu.it\/site\/didattica\/\"]}]},{\"@type\":\"BreadcrumbList\",\"@id\":\"https:\/\/www.iccercemaggioresepino.edu.it\/site\/didattica\/#breadcrumb\",\"itemListElement\":[{\"@type\":\"ListItem\",\"position\":1,\"name\":\"Home\",\"item\":\"https:\/\/www.iccercemaggioresepino.edu.it\/site\/\"},{\"@type\":\"ListItem\",\"position\":2,\"name\":\"Didattica\"}]},{\"@type\":\"WebSite\",\"@id\":\"https:\/\/www.iccercemaggioresepino.edu.it\/site\/#website\",\"url\":\"https:\/\/www.iccercemaggioresepino.edu.it\/site\/\",\"name\":\"IC Cercemaggiore - Sepino\",\"description\":\"Sito Istituzionale Cercemaggiore-Sepino\",\"potentialAction\":[{\"@type\":\"SearchAction\",\"target\":{\"@type\":\"EntryPoint\",\"urlTemplate\":\"https:\/\/www.iccercemaggioresepino.edu.it\/site\/?s={search_term_string}\"},\"query-input\":{\"@type\":\"PropertyValueSpecification\",\"valueRequired\":true,\"valueName\":\"search_term_string\"}}],\"inLanguage\":\"it-IT\"}]}<\/script>\n<!-- \/ Yoast SEO plugin. -->","yoast_head_json":{"title":"Didattica - IC Cercemaggiore - Sepino","robots":{"index":"index","follow":"follow","max-snippet":"max-snippet:-1","max-image-preview":"max-image-preview:large","max-video-preview":"max-video-preview:-1"},"canonical":"https:\/\/www.iccercemaggioresepino.edu.it\/site\/didattica\/","og_locale":"it_IT","og_type":"article","og_title":"Didattica - IC Cercemaggiore - Sepino","og_description":"Percorsi di studio Scuola dell&#8217;infanzia Scuola primaria Scuola secondaria di I grado La scuola dell\u2019infanzia \u00e8 il primo gradino del percorso di istruzione, ha durata triennale e non \u00e8 obbligatoria. Per saperne di pi\u00f9 La scuola primaria \u00e8 obbligatoria, dura cinque anni e fa parte, insieme con la scuola secondaria di I grado, del primo [&hellip;]","og_url":"https:\/\/www.iccercemaggioresepino.edu.it\/site\/didattica\/","og_site_name":"IC Cercemaggiore - Sepino","article_modified_time":"2025-11-07T12:05:01+00:00","twitter_card":"summary_large_image","twitter_misc":{"Tempo di lettura stimato":"1 minuto"},"schema":{"@context":"https:\/\/schema.org","@graph":[{"@type":"WebPage","@id":"https:\/\/www.iccercemaggioresepino.edu.it\/site\/didattica\/","url":"https:\/\/www.iccercemaggioresepino.edu.it\/site\/didattica\/","name":"Didattica - IC Cercemaggiore - Sepino","isPartOf":{"@id":"https:\/\/www.iccercemaggioresepino.edu.it\/site\/#website"},"datePublished":"2023-02-03T15:08:25+00:00","dateModified":"2025-11-07T12:05:01+00:00","breadcrumb":{"@id":"https:\/\/www.iccercemaggioresepino.edu.it\/site\/didattica\/#breadcrumb"},"inLanguage":"it-IT","potentialAction":[{"@type":"ReadAction","target":["https:\/\/www.iccercemaggioresepino.edu.it\/site\/didattica\/"]}]},{"@type":"BreadcrumbList","@id":"https:\/\/www.iccercemaggioresepino.edu.it\/site\/didattica\/#breadcrumb","itemListElement":[{"@type":"ListItem","position":1,"name":"Home","item":"https:\/\/www.iccercemaggioresepino.edu.it\/site\/"},{"@type":"ListItem","position":2,"name":"Didattica"}]},{"@type":"WebSite","@id":"https:\/\/www.iccercemaggioresepino.edu.it\/site\/#website","url":"https:\/\/www.iccercemaggioresepino.edu.it\/site\/","name":"IC Cercemaggiore - Sepino","description":"Sito Istituzionale Cercemaggiore-Sepino","potentialAction":[{"@type":"SearchAction","target":{"@type":"EntryPoint","urlTemplate":"https:\/\/www.iccercemaggioresepino.edu.it\/site\/?s={search_term_string}"},"query-input":{"@type":"PropertyValueSpecification","valueRequired":true,"valueName":"search_term_string"}}],"inLanguage":"it-IT"}]}},"_links":{"self":[{"href":"https:\/\/www.iccercemaggioresepino.edu.it\/site\/wp-json\/wp\/v2\/pages\/758","targetHints":{"allow":["GET"]}}],"collection":[{"href":"https:\/\/www.iccercemaggioresepino.edu.it\/site\/wp-json\/wp\/v2\/pages"}],"about":[{"href":"https:\/\/www.iccercemaggioresepino.edu.it\/site\/wp-json\/wp\/v2\/types\/page"}],"author":[{"embeddable":true,"href":"https:\/\/www.iccercemaggioresepino.edu.it\/site\/wp-json\/wp\/v2\/users\/1"}],"replies":[{"embeddable":true,"href":"https:\/\/www.iccercemaggioresepino.edu.it\/site\/wp-json\/wp\/v2\/comments?post=758"}],"version-history":[{"count":36,"href":"https:\/\/www.iccercemaggioresepino.edu.it\/site\/wp-json\/wp\/v2\/pages\/758\/revisions"}],"predecessor-version":[{"id":14661,"href":"https:\/\/www.iccercemaggioresepino.edu.it\/site\/wp-json\/wp\/v2\/pages\/758\/revisions\/14661"}],"wp:attachment":[{"href":"https:\/\/www.iccercemaggioresepino.edu.it\/site\/wp-json\/wp\/v2\/media?parent=758"}],"curies":[{"name":"wp","href":"https:\/\/api.w.org\/{rel}","templated":true}]}}